{"id":5043,"date":"2025-01-30T11:44:15","date_gmt":"2025-01-30T10:44:15","guid":{"rendered":"https:\/\/captalents.com\/our-services\/outplacement\/"},"modified":"2025-04-07T17:53:12","modified_gmt":"2025-04-07T15:53:12","slug":"outplacement","status":"publish","type":"page","link":"https:\/\/captalents.com\/en\/our-services\/outplacement\/","title":{"rendered":"Outplacement"},"content":{"rendered":"\n<div class=\"wp-block-group service-outplacement-hero hero has-global-padding is-layout-constrained wp-block-group-is-layout-constrained\" style=\"margin-top:0;margin-bottom:0;padding-top:0;padding-bottom:0\">\n<div class=\"wp-block-group hero__img-container has-global-padding is-layout-constrained wp-block-group-is-layout-constrained\">\n<figure class=\"wp-block-image size-full is-resized has-custom-border hero__img\"><img alt=\"\" loading=\"lazy\" decoding=\"async\" width=\"1600\" height=\"750\" src=\"https:\/\/captalents.com\/wp-content\/uploads\/2025\/03\/2022-10-Cap-Talents-057-e1742473609194.webp\" alt=\"\" class=\"wp-image-915\" style=\"border-radius:20px;width:auto;height:400px\" srcset=\"https:\/\/captalents.com\/wp-content\/uploads\/2025\/03\/2022-10-Cap-Talents-057-e1742473609194.webp 1600w, https:\/\/captalents.com\/wp-content\/uploads\/2025\/03\/2022-10-Cap-Talents-057-e1742473609194-300x141.webp 300w, https:\/\/captalents.com\/wp-content\/uploads\/2025\/03\/2022-10-Cap-Talents-057-e1742473609194-1024x480.webp 1024w, https:\/\/captalents.com\/wp-content\/uploads\/2025\/03\/2022-10-Cap-Talents-057-e1742473609194-768x360.webp 768w, https:\/\/captalents.com\/wp-content\/uploads\/2025\/03\/2022-10-Cap-Talents-057-e1742473609194-1536x720.webp 1536w\" sizes=\"auto, (max-width: 1600px) 100vw, 1600px\" \/><\/figure>\n\n\n\n<figure class=\"wp-block-image size-full hero-line\"><img alt=\"\" decoding=\"async\" src=\"https:\/\/captalents.com\/wp-content\/uploads\/2025\/02\/service-outplacement-hero-line.svg\" alt=\"\" class=\"wp-image-279\"\/><\/figure>\n<\/div>\n\n\n\n<div class=\"wp-block-group service-outplacement-introduction hero__introduction has-global-padding is-content-justification-left is-layout-constrained wp-container-core-group-is-layout-db1e3eb6 wp-block-group-is-layout-constrained\" style=\"margin-top:0;margin-bottom:0;padding-top:0;padding-bottom:0\">\n<div class=\"wp-block-group has-blanc-color has-text-color has-link-color wp-elements-af6ed99ec82cc4eb1312429cd5306752 has-global-padding is-layout-constrained wp-block-group-is-layout-constrained\" style=\"padding-bottom:var(--wp--preset--spacing--30)\">\n<nav  aria-label=\"breadcrumb\"><ol class=\"breadcrumb\" itemscope itemtype=\"https:\/\/schema.org\/BreadcrumbList\"><li class=\"breadcrumb-item active\" aria-current=\"page\" itemprop=\"itemListElement\" itemscope itemtype=\"https:\/\/schema.org\/ListItem\"><span itemprop=\"name\">Home<\/span><meta itemprop=\"position\" content=\"1\"><\/li><\/ol><\/nav>\n<\/div>\n\n\n\n<h1 class=\"wp-block-heading hero__introduction__title has-xxx-large-font-size\" style=\"margin-top:0;margin-bottom:0;padding-bottom:var(--wp--preset--spacing--30)\">Outplacement<\/h1>\n\n\n\n<p class=\"hero__introduction__text\">CapTalents supports senior executives in their professional transition.<\/p>\n\n\n\n<div class=\"wp-block-buttons is-layout-flex wp-container-core-buttons-is-layout-5459b461 wp-block-buttons-is-layout-flex\">\n<div class=\"wp-block-button\"><a class=\"wp-block-button__link has-custom-bleu-background-color has-background wp-element-button\" href=\"https:\/\/captalents.com\/en\/contact\/\">Contact us<\/a><\/div>\n<\/div>\n<\/div>\n<\/div>\n\n\n\n<div id=\"en-savoir-plus\" class=\"wp-block-group service-outplacement-about is-nowrap is-layout-flex wp-container-core-group-is-layout-8ebea181 wp-block-group-is-layout-flex\" style=\"padding-top:var(--wp--preset--spacing--60);padding-bottom:7rem\">\n<figure class=\"wp-block-image size-full has-custom-border service-outplacement-about__img\"><img alt=\"\" loading=\"lazy\" decoding=\"async\" width=\"1000\" height=\"661\" src=\"https:\/\/captalents.com\/wp-content\/uploads\/2025\/02\/outplacement_result.webp\" alt=\"\" class=\"wp-image-539\" style=\"border-radius:20px\" srcset=\"https:\/\/captalents.com\/wp-content\/uploads\/2025\/02\/outplacement_result.webp 1000w, https:\/\/captalents.com\/wp-content\/uploads\/2025\/02\/outplacement_result-300x198.webp 300w, https:\/\/captalents.com\/wp-content\/uploads\/2025\/02\/outplacement_result-768x508.webp 768w\" sizes=\"auto, (max-width: 1000px) 100vw, 1000px\" \/><\/figure>\n\n\n\n<div class=\"wp-block-group service-outplacement-about__col left has-global-padding is-content-justification-center is-layout-constrained wp-block-group-is-layout-constrained\">\n<h2 class=\"wp-block-heading service-outplacement-about__title has-xxx-large-font-size\" style=\"margin-top:0;margin-bottom:0;padding-bottom:var(--wp--preset--spacing--50)\">What is Outplacement ?<\/h2>\n\n\n\n<div class=\"wp-block-group service-outplacement-about__text-container has-global-padding is-content-justification-left is-layout-constrained wp-container-core-group-is-layout-12dd3699 wp-block-group-is-layout-constrained\">\n<p class=\"service-outplacement-about__text\" style=\"margin-top:0;margin-bottom:0;padding-bottom:0;padding-left:0\">Every career path is unique, so every transition deserves special attention. At CapTalents, we believe in providing tailor-made, one-to-one outplacement support to help senior executives get back to work quickly. <\/p>\n\n\n\n<div class=\"wp-block-buttons is-layout-flex wp-container-core-buttons-is-layout-9058df02 wp-block-buttons-is-layout-flex\" style=\"padding-left:0\">\n<div class=\"wp-block-button is-style-fill\"><a class=\"wp-block-button__link has-custom-bleu-background-color has-background wp-element-button\" href=\"https:\/\/captalents.com\/en\/contact\/\">Contact us<\/a><\/div>\n<\/div>\n<\/div>\n<\/div>\n<\/div>\n\n\n\n<div class=\"wp-block-group service-listing-step has-global-padding is-layout-constrained wp-container-core-group-is-layout-550c4d4b wp-block-group-is-layout-constrained\" style=\"margin-top:0;margin-bottom:0;padding-right:0;padding-bottom:var(--wp--preset--spacing--70);padding-left:0\">\n<h2 class=\"wp-block-heading has-text-align-center service-listing-step__title has-xxx-large-font-size\" style=\"margin-top:0;margin-bottom:0;padding-bottom:var(--wp--preset--spacing--70)\">Our outplacement method<\/h2>\n\n\n\n<div class=\"wp-block-group service-listing-step__container is-content-justification-space-between is-nowrap is-layout-flex wp-container-core-group-is-layout-f07fc9ad wp-block-group-is-layout-flex\" style=\"padding-bottom:0\">\n<div class=\"wp-block-group service-listing-step__col left has-global-padding is-content-justification-left is-layout-constrained wp-container-core-group-is-layout-12dd3699 wp-block-group-is-layout-constrained\">\n<h3 class=\"wp-block-heading has-custom-bleu-color has-text-color has-link-color has-x-large-font-size wp-elements-d7c5b1d75b82f369ebe75c7db9a9b974\" style=\"font-style:normal;font-weight:600\">1. Customized analysis<\/h3>\n\n\n\n<ul style=\"padding-bottom:var(--wp--preset--spacing--30)\" class=\"wp-block-list wp-block-list-custom\">\n<li style=\"margin-top:0;margin-bottom:0;padding-top:0;padding-right:0;padding-bottom:0;padding-left:var(--wp--preset--spacing--60)\">Together, we assess the manager&#8217;s talents and motivations, in order to define a professional project that matches his or her needs, while gaining a new perspective and restoring his or her confidence.<\/li>\n<\/ul>\n\n\n\n<h3 class=\"wp-block-heading has-custom-bleu-color has-text-color has-link-color has-x-large-font-size wp-elements-d92c8cc84c4c1386d6f9cc142b6095b4\" style=\"font-style:normal;font-weight:600\">2. Tailor-made action plan<\/h3>\n\n\n\n<ul style=\"padding-bottom:var(--wp--preset--spacing--30)\" class=\"wp-block-list wp-block-list-custom\">\n<li style=\"margin-top:0;margin-bottom:0;padding-top:0;padding-right:0;padding-bottom:0;padding-left:var(--wp--preset--spacing--60)\">Together, we draw up a strategic action plan, with short-, medium- and long-term objectives, to guide the executive through his professional transition. It&#8217;s all a question of method! <\/li>\n<\/ul>\n\n\n\n<h3 class=\"wp-block-heading has-custom-bleu-color has-text-color has-link-color has-x-large-font-size wp-elements-4e2c08949e2ebbec977c885d5f86e42d\" style=\"font-style:normal;font-weight:600\">3. Ongoing support<\/h3>\n\n\n\n<ul style=\"padding-bottom:var(--wp--preset--spacing--30)\" class=\"wp-block-list wp-block-list-custom\">\n<li style=\"margin-top:0;margin-bottom:0;padding-top:0;padding-right:0;padding-bottom:0;padding-left:var(--wp--preset--spacing--60)\">Through personalized follow-up, we support the manager by refining his storytelling, opening up our network to him, and training him for interviews in French and English.<\/li>\n<\/ul>\n\n\n\n<h3 class=\"wp-block-heading has-custom-bleu-color has-text-color has-link-color has-x-large-font-size wp-elements-87eea72110370e7d9d4d6294f6ae9e75\" style=\"font-style:normal;font-weight:600\">4. Mutual commitment<\/h3>\n\n\n\n<ul style=\"padding-bottom:var(--wp--preset--spacing--30)\" class=\"wp-block-list wp-block-list-custom\">\n<li style=\"margin-top:0;margin-bottom:0;padding-top:0;padding-right:0;padding-bottom:0;padding-left:var(--wp--preset--spacing--60)\">The process is based on a shared desire between the manager and the company to make a success of the transition, with involvement and collaboration throughout.<\/li>\n<\/ul>\n<\/div>\n\n\n\n<div class=\"wp-block-group service-listing-step__col right has-global-padding is-content-justification-right is-layout-constrained wp-container-core-group-is-layout-f1f2ed93 wp-block-group-is-layout-constrained\">\n<figure class=\"wp-block-image size-full has-custom-border service-listing-step__img\"><img alt=\"\" loading=\"lazy\" decoding=\"async\" width=\"1000\" height=\"664\" src=\"https:\/\/captalents.com\/wp-content\/uploads\/2025\/02\/methodes-outplacement_result.webp\" alt=\"\" class=\"wp-image-536\" style=\"border-radius:30px;object-fit:cover\" srcset=\"https:\/\/captalents.com\/wp-content\/uploads\/2025\/02\/methodes-outplacement_result.webp 1000w, https:\/\/captalents.com\/wp-content\/uploads\/2025\/02\/methodes-outplacement_result-300x199.webp 300w, https:\/\/captalents.com\/wp-content\/uploads\/2025\/02\/methodes-outplacement_result-768x510.webp 768w\" sizes=\"auto, (max-width: 1000px) 100vw, 1000px\" \/><\/figure>\n\n\n<div class=\"align wp-block-qce-svg\" style=\"z-index: 1;\">\n    <svg viewBox=\"0 0 500 500\" width=\"500\" height=\"500\">\n        <circle cx=\"250\" cy=\"250\" r=\"200\" fill=\"none\" stroke=\"white\" stroke-width=\"30\" \/>\n\n        <defs>\n            <path id=\"circle\" d=\"M 250,250 m -200,0 a 200,200 0 1,1 400,0 a 200,200 0 1,1 -400,0\" \/>\n        <\/defs>\n\n        <text font-size=\"18\" dominant-baseline=\"central\" text-anchor=\"middle\" fill=\"black\">\n            <textPath href=\"#circle\" startOffset=\"0%\" stopOffset=\"100%\">\n                Capturing talent means seeing differently Capturing talent means seeing differently &#8211; Capturing talent means seeing differently &#8211; Capturing talent means seeing differently &#8211; Capturing talent means seeing differently &#8211; Capturing talent means seeing differently            <\/textPath>\n            <animateTransform\n                attributeName=\"transform\"\n                begin=\"0s\"\n                dur=\"25s\"\n                type=\"rotate\"\n                from=\"0 250 250\"\n                to=\"360 250 250\"\n                repeatCount=\"indefinite\" \/>\n        <\/text>\n    <\/svg>\n<\/div>\n\n\n<div class=\"wp-block-group service-listing-step__desc-container has-blanc-background-color has-background has-global-padding is-content-justification-left is-layout-constrained wp-container-core-group-is-layout-35fbbff2 wp-block-group-is-layout-constrained\" style=\"border-top-left-radius:30px;border-top-right-radius:0px;margin-top:0;margin-bottom:0;padding-top:var(--wp--preset--spacing--80);padding-right:var(--wp--preset--spacing--50);padding-bottom:var(--wp--preset--spacing--80);padding-left:var(--wp--preset--spacing--50)\">\n<ul class=\"wp-block-list wp-block-list-custom\">\n<li>Our tailor-made outplacement method helps executives find a new job quickly.<\/li>\n<\/ul>\n<\/div>\n<\/div>\n<\/div>\n<\/div>\n\n\n\n<div class=\"wp-block-group service-outplacement-reassurance fade-up-multiple has-global-padding is-layout-constrained wp-container-core-group-is-layout-381276e8 wp-block-group-is-layout-constrained\" style=\"padding-top:var(--wp--preset--spacing--80);padding-bottom:var(--wp--preset--spacing--80)\">\n<div class=\"wp-block-group grid-reassurance service-recrutement-reassurance__grid is-layout-grid wp-container-core-group-is-layout-be500998 wp-block-group-is-layout-grid\" style=\"margin-top:0;margin-bottom:0;padding-top:0;padding-right:0;padding-bottom:0;padding-left:0\">\n<div class=\"wp-block-group grid-reassurance__card is-nowrap is-layout-flex wp-container-core-group-is-layout-6a3858a2 wp-block-group-is-layout-flex\">\n<figure class=\"wp-block-image size-full grid-reassurance__card__img\"><img alt=\"\" decoding=\"async\" src=\"https:\/\/captalents.com\/wp-content\/uploads\/2025\/01\/expertise.svg\" alt=\"\" class=\"wp-image-123\"\/><\/figure>\n\n\n\n<div class=\"wp-block-group grid-reassurance__card__text-container has-global-padding is-content-justification-left is-layout-constrained wp-container-core-group-is-layout-e196ba4c wp-block-group-is-layout-constrained\">\n<p class=\"grid-reassurance__card__title has-x-large-font-size\" style=\"margin-top:0;margin-bottom:0;padding-top:0;padding-bottom:var(--wp--preset--spacing--30)\">Expertise<\/p>\n\n\n\n<p class=\"grid-reassurance__card__text has-large-font-size\" style=\"margin-top:0;margin-bottom:0\">20 years&#8217; experience in coaching executives and managers.<\/p>\n<\/div>\n<\/div>\n\n\n\n<div class=\"wp-block-group grid-reassurance__card is-nowrap is-layout-flex wp-container-core-group-is-layout-6a3858a2 wp-block-group-is-layout-flex\">\n<figure class=\"wp-block-image size-full grid-reassurance__card__img\"><img alt=\"\" decoding=\"async\" src=\"https:\/\/captalents.com\/wp-content\/uploads\/2025\/01\/reconnaissance.svg\" alt=\"\" class=\"wp-image-125\"\/><\/figure>\n\n\n\n<div class=\"wp-block-group grid-reassurance__card__text-container has-global-padding is-content-justification-left is-layout-constrained wp-container-core-group-is-layout-e196ba4c wp-block-group-is-layout-constrained\">\n<p class=\"grid-reassurance__card__title has-x-large-font-size\" style=\"margin-top:0;margin-bottom:var(--wp--preset--spacing--30)\">Recognition<\/p>\n\n\n\n<p class=\"grid-reassurance__card__text has-large-font-size\" style=\"margin-top:0;margin-bottom:0;padding-top:0;padding-bottom:0\">Recognized certifications in the human resources sector.<\/p>\n<\/div>\n<\/div>\n\n\n\n<div class=\"wp-block-group grid-reassurance__card is-nowrap is-layout-flex wp-container-core-group-is-layout-6a3858a2 wp-block-group-is-layout-flex\">\n<figure class=\"wp-block-image size-full grid-reassurance__card__img\"><img alt=\"\" decoding=\"async\" src=\"https:\/\/captalents.com\/wp-content\/uploads\/2025\/01\/satisfaction.svg\" alt=\"\" class=\"wp-image-126\"\/><\/figure>\n\n\n\n<div class=\"wp-block-group grid-reassurance__card__text-container has-global-padding is-content-justification-left is-layout-constrained wp-container-core-group-is-layout-e196ba4c wp-block-group-is-layout-constrained\">\n<p class=\"grid-reassurance__card__title has-x-large-font-size\" style=\"margin-top:0;margin-bottom:0;padding-top:0;padding-bottom:var(--wp--preset--spacing--30)\">Satisfaction<\/p>\n\n\n\n<p class=\"grid-reassurance__card__text has-large-font-size\" style=\"margin-top:0;margin-bottom:0;padding-top:0;padding-bottom:0\">95% satisfaction rate among our corporate and candidate customers.<\/p>\n<\/div>\n<\/div>\n\n\n\n<div class=\"wp-block-group grid-reassurance__card is-nowrap is-layout-flex wp-container-core-group-is-layout-6a3858a2 wp-block-group-is-layout-flex\">\n<figure class=\"wp-block-image size-full grid-reassurance__card__img\"><img alt=\"\" decoding=\"async\" src=\"https:\/\/captalents.com\/wp-content\/uploads\/2025\/01\/engagements.svg\" alt=\"\" class=\"wp-image-124\"\/><\/figure>\n\n\n\n<div class=\"wp-block-group grid-reassurance__card__text-container has-global-padding is-content-justification-left is-layout-constrained wp-container-core-group-is-layout-e196ba4c wp-block-group-is-layout-constrained\">\n<p class=\"grid-reassurance__card__title has-x-large-font-size\" style=\"margin-top:0;margin-bottom:0;padding-top:0;padding-bottom:var(--wp--preset--spacing--30)\">Commitment<\/p>\n\n\n\n<p class=\"grid-reassurance__card__text has-large-font-size\" style=\"margin-top:0;margin-bottom:0\">80% of recruits stay in their job for at least 3 years.<\/p>\n<\/div>\n<\/div>\n<\/div>\n<\/div>\n\n\n\n<div class=\"wp-block-group testimonial has-custom-bleu-background-color has-background has-global-padding is-layout-constrained wp-container-core-group-is-layout-10bc4538 wp-block-group-is-layout-constrained\" style=\"border-radius:20px;padding-top:var(--wp--preset--spacing--80);padding-right:var(--wp--preset--spacing--80);padding-bottom:var(--wp--preset--spacing--80);padding-left:var(--wp--preset--spacing--80)\">\n<h2 class=\"wp-block-heading has-text-align-center testimonial__title has-blanc-color has-text-color has-link-color has-xxx-large-font-size wp-elements-5d6724b507d2badeb0bbae2fb717f014\">The CapTalents experience<br><\/h2>\n\n\n\n<p class=\"has-text-align-center testimonial__text has-blanc-color has-text-color has-link-color has-large-font-size wp-elements-bee42fe6f3905d2f2cfa0cc1f2faf09a\">The word is out to executives who have taken part in CapTalents&#8217; Outplacement program.<\/p>\n\n\n    <div class=\"align wp-block-qce-testimonials-slider\">\n        <div class=\"testimonials-slider\">\n            <div class=\"swiper testimonials-slider__swiper\">\n                <div class=\"swiper-wrapper\">\n                                            <div class=\"swiper-slide\">\n                            <p class=\"testimonials-slider__testimonial\">\u201cGr\u00e2ce \u00e0 CapTalents, j&#8217;ai trouv\u00e9 un poste align\u00e9 avec mes valeurs et mes ambitions. Leur approche humaine et strat\u00e9gique m&#8217;a permis de me projeter sereinement dans ce nouveau d\u00e9fi.\u201d<\/p>\n                            <p class=\"testimonials-slider__author\">Sophie<\/p>\n                            <p class=\"testimonials-slider__job\">Directrice des Op\u00e9rations<\/p>\n                        <\/div>\n                                            <div class=\"swiper-slide\">\n                            <p class=\"testimonials-slider__testimonial\">\u201cGr\u00e2ce \u00e0 CapTalents, j&#8217;ai trouv\u00e9 un poste align\u00e9 avec mes valeurs et mes ambitions. Leur approche humaine et strat\u00e9gique m&#8217;a permis de me projeter sereinement dans ce nouveau d\u00e9fi.\u201d<\/p>\n                            <p class=\"testimonials-slider__author\">Sophie<\/p>\n                            <p class=\"testimonials-slider__job\">Directrice des Op\u00e9rations<\/p>\n                        <\/div>\n                                    <\/div>\n\n                <div class=\"testimonials-slider__navigation-btn next\"><\/div>\n                <div class=\"testimonials-slider__navigation-btn prev\"><\/div>\n            <\/div>\n        <\/div>\n    <\/div>\n<\/div>\n\n\n\n<div class=\"wp-block-group ending-cta-page is-nowrap is-layout-flex wp-container-core-group-is-layout-47b6fc1b wp-block-group-is-layout-flex\" style=\"padding-top:var(--wp--preset--spacing--60);padding-bottom:var(--wp--preset--spacing--40)\">\n<figure class=\"wp-block-image size-full has-custom-border ending-cta-page__img reveal-img-top\"><img alt=\"\" loading=\"lazy\" decoding=\"async\" width=\"667\" height=\"1000\" src=\"https:\/\/captalents.com\/wp-content\/uploads\/2025\/02\/cta_result.webp\" alt=\"\" class=\"wp-image-530\" style=\"border-radius:20px\" srcset=\"https:\/\/captalents.com\/wp-content\/uploads\/2025\/02\/cta_result.webp 667w, https:\/\/captalents.com\/wp-content\/uploads\/2025\/02\/cta_result-200x300.webp 200w\" sizes=\"auto, (max-width: 667px) 100vw, 667px\" \/><\/figure>\n\n\n\n<div class=\"wp-block-group ending-cta-page__col right has-global-padding is-layout-constrained wp-container-core-group-is-layout-1e9a8840 wp-block-group-is-layout-constrained\" style=\"padding-top:var(--wp--preset--spacing--50);padding-right:var(--wp--preset--spacing--80);padding-bottom:var(--wp--preset--spacing--50);padding-left:var(--wp--preset--spacing--80)\">\n<h2 class=\"wp-block-heading ending-cta-page__title has-xxx-large-font-size\" style=\"margin-top:0;margin-bottom:0;padding-bottom:var(--wp--preset--spacing--50)\">In transition ?<\/h2>\n\n\n\n<p class=\"ending-cta-page__text\" style=\"margin-top:0;margin-bottom:0;padding-bottom:var(--wp--preset--spacing--40)\">Contact us for personalized outplacement support, specially designed for executives.<\/p>\n\n\n\n<div class=\"wp-block-buttons is-layout-flex wp-container-core-buttons-is-layout-5459b461 wp-block-buttons-is-layout-flex\">\n<div class=\"wp-block-button\"><a class=\"wp-block-button__link has-custom-bleu-background-color has-background wp-element-button\" href=\"https:\/\/captalents.com\/en\/contact\/\">Contact us<\/a><\/div>\n<\/div>\n<\/div>\n<\/div>\n","protected":false},"excerpt":{"rendered":"<p>CapTalents helps your employees with their career transition.<\/p>\n","protected":false},"author":1,"featured_media":5189,"parent":5042,"menu_order":3,"comment_status":"closed","ping_status":"closed","template":"","meta":{"_acf_changed":false,"_seopress_robots_primary_cat":"","_seopress_titles_title":"Outplacement | CapTalents","_seopress_titles_desc":"CapTalents assists executives and managers in Lille and Paris with their outplacement by defining and supporting their professional transition.","_seopress_robots_index":"","footnotes":""},"class_list":["post-5043","page","type-page","status-publish","has-post-thumbnail","hentry"],"acf":[],"_links":{"self":[{"href":"https:\/\/captalents.com\/en\/wp-json\/wp\/v2\/pages\/5043","targetHints":{"allow":["GET"]}}],"collection":[{"href":"https:\/\/captalents.com\/en\/wp-json\/wp\/v2\/pages"}],"about":[{"href":"https:\/\/captalents.com\/en\/wp-json\/wp\/v2\/types\/page"}],"author":[{"embeddable":true,"href":"https:\/\/captalents.com\/en\/wp-json\/wp\/v2\/users\/1"}],"replies":[{"embeddable":true,"href":"https:\/\/captalents.com\/en\/wp-json\/wp\/v2\/comments?post=5043"}],"version-history":[{"count":1,"href":"https:\/\/captalents.com\/en\/wp-json\/wp\/v2\/pages\/5043\/revisions"}],"predecessor-version":[{"id":5232,"href":"https:\/\/captalents.com\/en\/wp-json\/wp\/v2\/pages\/5043\/revisions\/5232"}],"up":[{"embeddable":true,"href":"https:\/\/captalents.com\/en\/wp-json\/wp\/v2\/pages\/5042"}],"wp:featuredmedia":[{"embeddable":true,"href":"https:\/\/captalents.com\/en\/wp-json\/wp\/v2\/media\/5189"}],"wp:attachment":[{"href":"https:\/\/captalents.com\/en\/wp-json\/wp\/v2\/media?parent=5043"}],"curies":[{"name":"wp","href":"https:\/\/api.w.org\/{rel}","templated":true}]}}